{"id":2804,"date":"2016-09-03T09:10:16","date_gmt":"2016-09-03T09:10:16","guid":{"rendered":"http:\/\/demo.goodlayers.com\/realfactory\/?page_id=2804"},"modified":"2017-05-04T13:59:47","modified_gmt":"2017-05-04T10:59:47","slug":"dis-cephe-temizlik-asansoru","status":"publish","type":"page","link":"http:\/\/www.ilkmuhendislik.com\/tr\/faaliyet-alanlari\/dis-cephe-temizlik-asansoru\/","title":{"rendered":"D\u0131\u015f Cephe Temizlik Asans\u00f6r\u00fc"},"content":{"rendered":"","protected":false},"excerpt":{"rendered":"","protected":false},"author":1,"featured_media":0,"parent":2841,"menu_order":0,"comment_status":"closed","ping_status":"closed","template":"","meta":[],"_links":{"self":[{"href":"http:\/\/www.ilkmuhendislik.com\/tr\/wp-json\/wp\/v2\/pages\/2804"}],"collection":[{"href":"http:\/\/www.ilkmuhendislik.com\/tr\/wp-json\/wp\/v2\/pages"}],"about":[{"href":"http:\/\/www.ilkmuhendislik.com\/tr\/wp-json\/wp\/v2\/types\/page"}],"author":[{"embeddable":true,"href":"http:\/\/www.ilkmuhendislik.com\/tr\/wp-json\/wp\/v2\/users\/1"}],"replies":[{"embeddable":true,"href":"http:\/\/www.ilkmuhendislik.com\/tr\/wp-json\/wp\/v2\/comments?post=2804"}],"version-history":[{"count":5,"href":"http:\/\/www.ilkmuhendislik.com\/tr\/wp-json\/wp\/v2\/pages\/2804\/revisions"}],"predecessor-version":[{"id":4689,"href":"http:\/\/www.ilkmuhendislik.com\/tr\/wp-json\/wp\/v2\/pages\/2804\/revisions\/4689"}],"up":[{"embeddable":true,"href":"http:\/\/www.ilkmuhendislik.com\/tr\/wp-json\/wp\/v2\/pages\/2841"}],"wp:attachment":[{"href":"http:\/\/www.ilkmuhendislik.com\/tr\/wp-json\/wp\/v2\/media?parent=2804"}],"curies":[{"name":"wp","href":"https:\/\/api.w.org\/{rel}","templated":true}]}}