{"id":2823,"date":"2016-09-03T10:12:16","date_gmt":"2016-09-03T10:12:16","guid":{"rendered":"http:\/\/demo.goodlayers.com\/realfactory\/?page_id=2823"},"modified":"2017-01-31T16:57:21","modified_gmt":"2017-01-31T13:57:21","slug":"isiklik-temizleme-sistemleri","status":"publish","type":"page","link":"http:\/\/www.ilkmuhendislik.com\/tr\/faaliyet-alanlari\/isiklik-temizleme-sistemleri\/","title":{"rendered":"I\u015f\u0131kl\u0131k Temizleme Sistemleri"},"content":{"rendered":"","protected":false},"excerpt":{"rendered":"","protected":false},"author":1,"featured_media":0,"parent":2841,"menu_order":0,"comment_status":"closed","ping_status":"closed","template":"","meta":[],"_links":{"self":[{"href":"http:\/\/www.ilkmuhendislik.com\/tr\/wp-json\/wp\/v2\/pages\/2823"}],"collection":[{"href":"http:\/\/www.ilkmuhendislik.com\/tr\/wp-json\/wp\/v2\/pages"}],"about":[{"href":"http:\/\/www.ilkmuhendislik.com\/tr\/wp-json\/wp\/v2\/types\/page"}],"author":[{"embeddable":true,"href":"http:\/\/www.ilkmuhendislik.com\/tr\/wp-json\/wp\/v2\/users\/1"}],"replies":[{"embeddable":true,"href":"http:\/\/www.ilkmuhendislik.com\/tr\/wp-json\/wp\/v2\/comments?post=2823"}],"version-history":[{"count":3,"href":"http:\/\/www.ilkmuhendislik.com\/tr\/wp-json\/wp\/v2\/pages\/2823\/revisions"}],"predecessor-version":[{"id":4539,"href":"http:\/\/www.ilkmuhendislik.com\/tr\/wp-json\/wp\/v2\/pages\/2823\/revisions\/4539"}],"up":[{"embeddable":true,"href":"http:\/\/www.ilkmuhendislik.com\/tr\/wp-json\/wp\/v2\/pages\/2841"}],"wp:attachment":[{"href":"http:\/\/www.ilkmuhendislik.com\/tr\/wp-json\/wp\/v2\/media?parent=2823"}],"curies":[{"name":"wp","href":"https:\/\/api.w.org\/{rel}","templated":true}]}}