{"id":4210,"date":"2016-10-19T00:31:38","date_gmt":"2016-10-18T21:31:38","guid":{"rendered":"http:\/\/www.ilkmuhendislik.com\/?page_id=4210"},"modified":"2017-05-04T14:10:26","modified_gmt":"2017-05-04T11:10:26","slug":"navigator-cift-sira-rayli-sistem","status":"publish","type":"page","link":"http:\/\/www.ilkmuhendislik.com\/tr\/navigator-cift-sira-rayli-sistem\/","title":{"rendered":"Navigator \u00c7ift S\u0131ra Rayl\u0131 Sistem"},"content":{"rendered":"","protected":false},"excerpt":{"rendered":"","protected":false},"author":1,"featured_media":0,"parent":0,"menu_order":0,"comment_status":"closed","ping_status":"closed","template":"","meta":[],"_links":{"self":[{"href":"http:\/\/www.ilkmuhendislik.com\/tr\/wp-json\/wp\/v2\/pages\/4210"}],"collection":[{"href":"http:\/\/www.ilkmuhendislik.com\/tr\/wp-json\/wp\/v2\/pages"}],"about":[{"href":"http:\/\/www.ilkmuhendislik.com\/tr\/wp-json\/wp\/v2\/types\/page"}],"author":[{"embeddable":true,"href":"http:\/\/www.ilkmuhendislik.com\/tr\/wp-json\/wp\/v2\/users\/1"}],"replies":[{"embeddable":true,"href":"http:\/\/www.ilkmuhendislik.com\/tr\/wp-json\/wp\/v2\/comments?post=4210"}],"version-history":[{"count":6,"href":"http:\/\/www.ilkmuhendislik.com\/tr\/wp-json\/wp\/v2\/pages\/4210\/revisions"}],"predecessor-version":[{"id":4693,"href":"http:\/\/www.ilkmuhendislik.com\/tr\/wp-json\/wp\/v2\/pages\/4210\/revisions\/4693"}],"wp:attachment":[{"href":"http:\/\/www.ilkmuhendislik.com\/tr\/wp-json\/wp\/v2\/media?parent=4210"}],"curies":[{"name":"wp","href":"https:\/\/api.w.org\/{rel}","templated":true}]}}