{"id":4722,"date":"2017-10-17T13:19:13","date_gmt":"2017-10-17T10:19:13","guid":{"rendered":"http:\/\/www.ilkmuhendislik.com\/?page_id=4722"},"modified":"2021-10-19T16:56:06","modified_gmt":"2021-10-19T13:56:06","slug":"sabit-postlu-celik-bariyer-125","status":"publish","type":"page","link":"http:\/\/www.ilkmuhendislik.com\/tr\/sabit-postlu-celik-bariyer-125\/","title":{"rendered":"SAB\u0130T POSTLU \u00c7EL\u0130K BAR\u0130YER"},"content":{"rendered":"","protected":false},"excerpt":{"rendered":"","protected":false},"author":1,"featured_media":0,"parent":0,"menu_order":0,"comment_status":"closed","ping_status":"closed","template":"","meta":[],"_links":{"self":[{"href":"http:\/\/www.ilkmuhendislik.com\/tr\/wp-json\/wp\/v2\/pages\/4722"}],"collection":[{"href":"http:\/\/www.ilkmuhendislik.com\/tr\/wp-json\/wp\/v2\/pages"}],"about":[{"href":"http:\/\/www.ilkmuhendislik.com\/tr\/wp-json\/wp\/v2\/types\/page"}],"author":[{"embeddable":true,"href":"http:\/\/www.ilkmuhendislik.com\/tr\/wp-json\/wp\/v2\/users\/1"}],"replies":[{"embeddable":true,"href":"http:\/\/www.ilkmuhendislik.com\/tr\/wp-json\/wp\/v2\/comments?post=4722"}],"version-history":[{"count":2,"href":"http:\/\/www.ilkmuhendislik.com\/tr\/wp-json\/wp\/v2\/pages\/4722\/revisions"}],"predecessor-version":[{"id":4724,"href":"http:\/\/www.ilkmuhendislik.com\/tr\/wp-json\/wp\/v2\/pages\/4722\/revisions\/4724"}],"wp:attachment":[{"href":"http:\/\/www.ilkmuhendislik.com\/tr\/wp-json\/wp\/v2\/media?parent=4722"}],"curies":[{"name":"wp","href":"https:\/\/api.w.org\/{rel}","templated":true}]}}