{"id":4740,"date":"2017-10-17T13:52:15","date_gmt":"2017-10-17T10:52:15","guid":{"rendered":"http:\/\/www.ilkmuhendislik.com\/?page_id=4740"},"modified":"2017-10-17T13:52:15","modified_gmt":"2017-10-17T10:52:15","slug":"celik-konstruksiyon-ahsap-kalip-kirisi-koruma-bariyerleri","status":"publish","type":"page","link":"http:\/\/www.ilkmuhendislik.com\/tr\/celik-konstruksiyon-ahsap-kalip-kirisi-koruma-bariyerleri\/","title":{"rendered":"\u00c7EL\u0130K KONSTR\u00dcKS\u0130YON, AH\u015eAP KALIP K\u0130R\u0130\u015e\u0130 KORUMA BAR\u0130YERLER\u0130"},"content":{"rendered":"","protected":false},"excerpt":{"rendered":"","protected":false},"author":1,"featured_media":0,"parent":0,"menu_order":0,"comment_status":"closed","ping_status":"closed","template":"","meta":[],"_links":{"self":[{"href":"http:\/\/www.ilkmuhendislik.com\/tr\/wp-json\/wp\/v2\/pages\/4740"}],"collection":[{"href":"http:\/\/www.ilkmuhendislik.com\/tr\/wp-json\/wp\/v2\/pages"}],"about":[{"href":"http:\/\/www.ilkmuhendislik.com\/tr\/wp-json\/wp\/v2\/types\/page"}],"author":[{"embeddable":true,"href":"http:\/\/www.ilkmuhendislik.com\/tr\/wp-json\/wp\/v2\/users\/1"}],"replies":[{"embeddable":true,"href":"http:\/\/www.ilkmuhendislik.com\/tr\/wp-json\/wp\/v2\/comments?post=4740"}],"version-history":[{"count":1,"href":"http:\/\/www.ilkmuhendislik.com\/tr\/wp-json\/wp\/v2\/pages\/4740\/revisions"}],"predecessor-version":[{"id":4741,"href":"http:\/\/www.ilkmuhendislik.com\/tr\/wp-json\/wp\/v2\/pages\/4740\/revisions\/4741"}],"wp:attachment":[{"href":"http:\/\/www.ilkmuhendislik.com\/tr\/wp-json\/wp\/v2\/media?parent=4740"}],"curies":[{"name":"wp","href":"https:\/\/api.w.org\/{rel}","templated":true}]}}