{"id":4703,"date":"2017-10-17T12:57:20","date_gmt":"2017-10-17T09:57:20","guid":{"rendered":"http:\/\/www.ilkmuhendislik.com\/?page_id=4703"},"modified":"2021-10-19T18:37:11","modified_gmt":"2021-10-19T15:37:11","slug":"insaat-bariyeri","status":"publish","type":"page","link":"https:\/\/www.ilkmuhendislik.com\/tr\/insaat-bariyeri\/","title":{"rendered":"\u0130N\u015eAAT BAR\u0130YER\u0130"},"content":{"rendered":"<p>Alan S\u0131n\u0131rlama bariyerleri, Ge\u00e7i\u015f k\u0131s\u0131tlama b\u00f6lgelerinde, Hafriyat Sahalar\u0131nda, Derinli\u011fi 1.5 metreyi ge\u00e7en geni\u015f sahalarda, Belediye alt yap\u0131 tamiratlar\u0131nda, \u00e7al\u0131\u015fma alanlar\u0131n\u0131n \u00e7evresini pratik olarak alan s\u0131n\u0131rlar\u0131n\u0131 belirlemede ve i\u015f g\u00fcvenli\u011fi a\u00e7\u0131s\u0131ndan riskli b\u00f6lgelerde \u00e7ok de\u011fi\u015fik alanlarda, a\u011f\u0131r sanayi tesislerinde yayg\u0131n olarak kullan\u0131lmaktad\u0131r.<\/p>\n","protected":false},"excerpt":{"rendered":"<p>Alan S\u0131n\u0131rlama bariyerleri, Ge\u00e7i\u015f k\u0131s\u0131tlama b\u00f6lgelerinde, Hafriyat Sahalar\u0131nda, Derinli\u011fi 1.5 metreyi ge\u00e7en geni\u015f sahalarda, Belediye alt yap\u0131 tamiratlar\u0131nda, \u00e7al\u0131\u015fma alanlar\u0131n\u0131n \u00e7evresini pratik olarak alan s\u0131n\u0131rlar\u0131n\u0131 belirlemede ve i\u015f g\u00fcvenli\u011fi a\u00e7\u0131s\u0131ndan riskli b\u00f6lgelerde \u00e7ok de\u011fi\u015fik alanlarda, a\u011f\u0131r sanayi tesislerinde yayg\u0131n olarak kullan\u0131lmaktad\u0131r.<\/p>\n","protected":false},"author":1,"featured_media":0,"parent":0,"menu_order":0,"comment_status":"closed","ping_status":"closed","template":"","meta":[],"_links":{"self":[{"href":"https:\/\/www.ilkmuhendislik.com\/tr\/wp-json\/wp\/v2\/pages\/4703"}],"collection":[{"href":"https:\/\/www.ilkmuhendislik.com\/tr\/wp-json\/wp\/v2\/pages"}],"about":[{"href":"https:\/\/www.ilkmuhendislik.com\/tr\/wp-json\/wp\/v2\/types\/page"}],"author":[{"embeddable":true,"href":"https:\/\/www.ilkmuhendislik.com\/tr\/wp-json\/wp\/v2\/users\/1"}],"replies":[{"embeddable":true,"href":"https:\/\/www.ilkmuhendislik.com\/tr\/wp-json\/wp\/v2\/comments?post=4703"}],"version-history":[{"count":5,"href":"https:\/\/www.ilkmuhendislik.com\/tr\/wp-json\/wp\/v2\/pages\/4703\/revisions"}],"predecessor-version":[{"id":5335,"href":"https:\/\/www.ilkmuhendislik.com\/tr\/wp-json\/wp\/v2\/pages\/4703\/revisions\/5335"}],"wp:attachment":[{"href":"https:\/\/www.ilkmuhendislik.com\/tr\/wp-json\/wp\/v2\/media?parent=4703"}],"curies":[{"name":"wp","href":"https:\/\/api.w.org\/{rel}","templated":true}]}}